{"id":1563,"date":"2023-03-25T09:09:32","date_gmt":"2023-03-25T09:09:32","guid":{"rendered":"https:\/\/www.klattringpakullaberg.se\/?page_id=1563"},"modified":"2023-07-10T15:57:48","modified_gmt":"2023-07-10T15:57:48","slug":"forsaljning-av-klattringsutrustning","status":"publish","type":"page","link":"https:\/\/www.klattringpakullaberg.se\/?page_id=1563","title":{"rendered":"F\u00f6rs\u00e4ljning av kl\u00e4ttringsutrustning"},"content":{"rendered":"<div id=\"pl-1563\"  class=\"panel-layout\" ><div id=\"pg-1563-0\"  class=\"panel-grid panel-has-style\" ><div class=\"siteorigin-panels-stretch panel-row-style panel-row-style-for-1563-0\" data-stretch-type=\"full-stretched\" ><div id=\"pgc-1563-0-0\"  class=\"panel-grid-cell\" ><div id=\"panel-1563-0-0-0\" class=\"so-panel widget widget_sow-hero panel-first-child panel-last-child\" data-index=\"0\" ><div\n\t\t\t\n\t\t\tclass=\"so-widget-sow-hero so-widget-sow-hero-default-d454166817d6-1563 so-widget-fittext-wrapper\"\n\t\t\t data-fit-text-compressor=\"0.85\"\n\t\t>\t\t\t\t<div class=\"sow-slider-base\" style=\"display: none\" tabindex=\"0\">\n\t\t\t\t\t<ul\n\t\t\t\t\tclass=\"sow-slider-images\"\n\t\t\t\t\tdata-settings=\"{&quot;pagination&quot;:true,&quot;speed&quot;:800,&quot;timeout&quot;:8000,&quot;paused&quot;:false,&quot;pause_on_hover&quot;:false,&quot;swipe&quot;:true,&quot;nav_always_show_desktop&quot;:&quot;&quot;,&quot;nav_always_show_mobile&quot;:&quot;&quot;,&quot;breakpoint&quot;:&quot;780px&quot;,&quot;unmute&quot;:false,&quot;anchor&quot;:null}\"\n\t\t\t\t\tstyle=\"min-height: 715px\"\t\t\t\t\tdata-anchor-id=\"\"\n\t\t\t\t>\t\t<li class=\"sow-slider-image  sow-slider-image-cover\" style=\"visibility: visible;;background-color: #333333\" >\n\t\t\t\t\t<div class=\"sow-slider-image-container\">\n\t\t\t<div class=\"sow-slider-image-wrapper\">\n\t\t\t\t<h2 style=\"text-align: center\">Vi \u00e4r experter p\u00e5 kl\u00e4tterutrustning!<\/h2>\n<h4 style=\"text-align: center\">Om du beh\u00f6ver en komplett l\u00f6sning eller bara ett par nya karbiner s\u00e5 kan vi hj\u00e4lpa dig!<\/h4>\n<h4 style=\"text-align: center\">Vi kan f\u00e5 tag p\u00e5 det mesta fr\u00e5n de flesta varum\u00e4rken p\u00e5 marknaden men har fokus p\u00e5 produkter fr\u00e5n Petzl, Beal, Black Diamond, La Sportiva etc.<\/h4>\n\t\t\t<\/div>\n\t\t<\/div>\n\t\t<div class=\"sow-slider-image-overlay sow-slider-image-cover\" style=\"opacity: 0.5;background-image: url(https:\/\/www.klattringpakullaberg.se\/wp-content\/uploads\/2023\/03\/289F29EC-7073-4BEC-97C5-C7DAE417A9B3_1_201_a.jpeg)\"  ><\/div>\t\t<\/li>\n\t\t<\/ul>\t\t\t\t<ol class=\"sow-slider-pagination\">\n\t\t\t\t\t\t\t\t\t\t\t<li><a href=\"#\" data-goto=\"0\" aria-label=\"Display slide 1\"><\/a><\/li>\n\t\t\t\t\t\t\t\t\t<\/ol>\n\n\t\t\t\t<div class=\"sow-slide-nav sow-slide-nav-next\">\n\t\t\t\t\t<a href=\"#\" data-goto=\"next\" aria-label=\"Next slide\" data-action=\"next\">\n\t\t\t\t\t\t<em class=\"sow-sld-icon-thin-right\"><\/em>\n\t\t\t\t\t<\/a>\n\t\t\t\t<\/div>\n\n\t\t\t\t<div class=\"sow-slide-nav sow-slide-nav-prev\">\n\t\t\t\t\t<a href=\"#\" data-goto=\"previous\" aria-label=\"Previous slide\" data-action=\"prev\">\n\t\t\t\t\t\t<em class=\"sow-sld-icon-thin-left\"><\/em>\n\t\t\t\t\t<\/a>\n\t\t\t\t<\/div>\n\t\t\t\t<\/div><\/div><\/div><\/div><\/div><\/div><div id=\"pg-1563-1\"  class=\"panel-grid panel-has-style\" ><div class=\"siteorigin-panels-stretch panel-row-style panel-row-style-for-1563-1\" id=\"team\" data-stretch-type=\"full\" ><div id=\"pgc-1563-1-0\"  class=\"panel-grid-cell\" ><div id=\"panel-1563-1-0-0\" class=\"so-panel widget widget_sow-headline panel-first-child panel-last-child\" data-index=\"1\" ><div\n\t\t\t\n\t\t\tclass=\"so-widget-sow-headline so-widget-sow-headline-default-d07e1e83720a-1563 so-widget-fittext-wrapper\"\n\t\t\t data-fit-text-compressor=\"0.85\"\n\t\t><div class=\"sow-headline-container \">\n\t\t\t\t\t\t\t<h1 class=\"sow-headline\">\n\t\t\t\t\t\tV\u00e5ra Varum\u00e4rken\t\t\t\t\t\t<\/h1>\n\t\t\t\t\t\t\t\t\t\t\t<div class=\"decoration\">\n\t\t\t\t\t\t<div class=\"decoration-inside\"><\/div>\n\t\t\t\t\t<\/div>\n\t\t\t\t\t\t\t\t\t\t\t<p class=\"sow-sub-headline\">\n\t\t\t\t\t\tVi fokuserar p\u00e5 produkter fr\u00e5n dessa varum\u00e4rken. V\u00e5r styrka \u00e4r v\u00e5r kunskap och r\u00e5dgivning.\t\t\t\t\t\t<\/p>\n\t\t\t\t\t\t<\/div>\n<\/div><\/div><\/div><\/div><\/div><div id=\"pg-1563-2\"  class=\"panel-grid panel-has-style\" ><div class=\"siteorigin-panels-stretch panel-row-style panel-row-style-for-1563-2\" data-stretch-type=\"full-stretched\" ><div id=\"pgc-1563-2-0\"  class=\"panel-grid-cell\" ><div id=\"panel-1563-2-0-0\" class=\"so-panel widget widget_sow-image panel-first-child\" data-index=\"2\" ><div\n\t\t\t\n\t\t\tclass=\"so-widget-sow-image so-widget-sow-image-default-c67d20f9f743-1563\"\n\t\t\t\n\t\t>\n<div class=\"sow-image-container\">\n\t\t<img loading=\"lazy\" decoding=\"async\" src=\"https:\/\/www.klattringpakullaberg.se\/wp-content\/uploads\/2023\/07\/petzl.png\" width=\"150\" height=\"150\" srcset=\"https:\/\/www.klattringpakullaberg.se\/wp-content\/uploads\/2023\/07\/petzl.png 300w, https:\/\/www.klattringpakullaberg.se\/wp-content\/uploads\/2023\/07\/petzl-150x150.png 150w, https:\/\/www.klattringpakullaberg.se\/wp-content\/uploads\/2023\/07\/petzl-250x250.png 250w, https:\/\/www.klattringpakullaberg.se\/wp-content\/uploads\/2023\/07\/petzl-174x174.png 174w\" sizes=\"(max-width: 150px) 100vw, 150px\" alt=\"\" \t\tclass=\"so-widget-image\"\/>\n\t<\/div>\n\n<\/div><\/div><div id=\"panel-1563-2-0-1\" class=\"so-panel widget widget_sow-editor panel-last-child\" data-index=\"3\" ><div class=\"panel-widget-style panel-widget-style-for-1563-2-0-1\" ><div\n\t\t\t\n\t\t\tclass=\"so-widget-sow-editor so-widget-sow-editor-base\"\n\t\t\t\n\t\t>\n<div class=\"siteorigin-widget-tinymce textwidget\">\n\t<h3 class=\"q_team_name\" style=\"text-align: center;\">Petzl<\/h3>\n<p style=\"text-align: center;\">Franskt varum\u00e4rke, komplett leverant\u00f6r med produkter i absolut toppklass!<\/p>\n<\/div>\n<\/div><\/div><\/div><\/div><div id=\"pgc-1563-2-1\"  class=\"panel-grid-cell\" ><div id=\"panel-1563-2-1-0\" class=\"so-panel widget widget_sow-image panel-first-child\" data-index=\"4\" ><div\n\t\t\t\n\t\t\tclass=\"so-widget-sow-image so-widget-sow-image-default-c67d20f9f743-1563\"\n\t\t\t\n\t\t>\n<div class=\"sow-image-container\">\n\t\t<img loading=\"lazy\" decoding=\"async\" src=\"https:\/\/www.klattringpakullaberg.se\/wp-content\/uploads\/2023\/07\/Beal.png\" width=\"150\" height=\"150\" srcset=\"https:\/\/www.klattringpakullaberg.se\/wp-content\/uploads\/2023\/07\/Beal.png 300w, https:\/\/www.klattringpakullaberg.se\/wp-content\/uploads\/2023\/07\/Beal-150x150.png 150w, https:\/\/www.klattringpakullaberg.se\/wp-content\/uploads\/2023\/07\/Beal-250x250.png 250w, https:\/\/www.klattringpakullaberg.se\/wp-content\/uploads\/2023\/07\/Beal-174x174.png 174w\" sizes=\"(max-width: 150px) 100vw, 150px\" alt=\"\" \t\tclass=\"so-widget-image\"\/>\n\t<\/div>\n\n<\/div><\/div><div id=\"panel-1563-2-1-1\" class=\"so-panel widget widget_sow-editor panel-last-child\" data-index=\"5\" ><div class=\"panel-widget-style panel-widget-style-for-1563-2-1-1\" ><div\n\t\t\t\n\t\t\tclass=\"so-widget-sow-editor so-widget-sow-editor-base\"\n\t\t\t\n\t\t>\n<div class=\"siteorigin-widget-tinymce textwidget\">\n\t<h3 class=\"q_team_name\" style=\"text-align: center;\">Beal<\/h3>\n<p style=\"text-align: center;\">Franskt varum\u00e4rke, specialist p\u00e5 framf\u00f6r allt rep men har \u00e4ven selar etc.<\/p>\n<\/div>\n<\/div><\/div><\/div><\/div><div id=\"pgc-1563-2-2\"  class=\"panel-grid-cell\" ><div id=\"panel-1563-2-2-0\" class=\"so-panel widget widget_sow-image panel-first-child\" data-index=\"6\" ><div\n\t\t\t\n\t\t\tclass=\"so-widget-sow-image so-widget-sow-image-default-c67d20f9f743-1563\"\n\t\t\t\n\t\t>\n<div class=\"sow-image-container\">\n\t\t<img loading=\"lazy\" decoding=\"async\" src=\"https:\/\/www.klattringpakullaberg.se\/wp-content\/uploads\/2023\/07\/black-diamond-logo.png\" width=\"150\" height=\"150\" srcset=\"https:\/\/www.klattringpakullaberg.se\/wp-content\/uploads\/2023\/07\/black-diamond-logo.png 754w, https:\/\/www.klattringpakullaberg.se\/wp-content\/uploads\/2023\/07\/black-diamond-logo-300x300.png 300w, https:\/\/www.klattringpakullaberg.se\/wp-content\/uploads\/2023\/07\/black-diamond-logo-150x150.png 150w, https:\/\/www.klattringpakullaberg.se\/wp-content\/uploads\/2023\/07\/black-diamond-logo-250x250.png 250w, https:\/\/www.klattringpakullaberg.se\/wp-content\/uploads\/2023\/07\/black-diamond-logo-174x174.png 174w\" sizes=\"(max-width: 150px) 100vw, 150px\" alt=\"\" \t\tclass=\"so-widget-image\"\/>\n\t<\/div>\n\n<\/div><\/div><div id=\"panel-1563-2-2-1\" class=\"so-panel widget widget_sow-editor panel-last-child\" data-index=\"7\" ><div class=\"panel-widget-style panel-widget-style-for-1563-2-2-1\" ><div\n\t\t\t\n\t\t\tclass=\"so-widget-sow-editor so-widget-sow-editor-base\"\n\t\t\t\n\t\t>\n<div class=\"siteorigin-widget-tinymce textwidget\">\n\t<h3 class=\"q_team_name\" style=\"text-align: center;\">Black Diamond<\/h3>\n<p style=\"text-align: center;\">Troligen v\u00e4rldens bredaste leverant\u00f6r av kl\u00e4tterutrustning och outdoorprodukter.<\/p>\n<\/div>\n<\/div><\/div><\/div><\/div><div id=\"pgc-1563-2-3\"  class=\"panel-grid-cell\" ><div id=\"panel-1563-2-3-0\" class=\"so-panel widget widget_sow-image panel-first-child\" data-index=\"8\" ><div\n\t\t\t\n\t\t\tclass=\"so-widget-sow-image so-widget-sow-image-default-c67d20f9f743-1563\"\n\t\t\t\n\t\t>\n<div class=\"sow-image-container\">\n\t\t<img loading=\"lazy\" decoding=\"async\" src=\"https:\/\/www.klattringpakullaberg.se\/wp-content\/uploads\/2023\/07\/lasport.jpg\" width=\"150\" height=\"150\" srcset=\"https:\/\/www.klattringpakullaberg.se\/wp-content\/uploads\/2023\/07\/lasport.jpg 1217w, https:\/\/www.klattringpakullaberg.se\/wp-content\/uploads\/2023\/07\/lasport-300x300.jpg 300w, https:\/\/www.klattringpakullaberg.se\/wp-content\/uploads\/2023\/07\/lasport-1024x1024.jpg 1024w, https:\/\/www.klattringpakullaberg.se\/wp-content\/uploads\/2023\/07\/lasport-150x150.jpg 150w, https:\/\/www.klattringpakullaberg.se\/wp-content\/uploads\/2023\/07\/lasport-768x768.jpg 768w, https:\/\/www.klattringpakullaberg.se\/wp-content\/uploads\/2023\/07\/lasport-250x250.jpg 250w, https:\/\/www.klattringpakullaberg.se\/wp-content\/uploads\/2023\/07\/lasport-174x174.jpg 174w\" sizes=\"(max-width: 150px) 100vw, 150px\" alt=\"\" \t\tclass=\"so-widget-image\"\/>\n\t<\/div>\n\n<\/div><\/div><div id=\"panel-1563-2-3-1\" class=\"so-panel widget widget_sow-editor panel-last-child\" data-index=\"9\" ><div class=\"panel-widget-style panel-widget-style-for-1563-2-3-1\" ><div\n\t\t\t\n\t\t\tclass=\"so-widget-sow-editor so-widget-sow-editor-base\"\n\t\t\t\n\t\t>\n<div class=\"siteorigin-widget-tinymce textwidget\">\n\t<h3 class=\"q_team_name\" style=\"text-align: center;\">La Sportiva<\/h3>\n<p style=\"text-align: center;\">V\u00e4rldens st\u00f6rsta tillverkare av kl\u00e4tterskor och tekniska k\u00e4ngor f\u00f6r bergsbestigning.<\/p>\n<\/div>\n<\/div><\/div><\/div><\/div><\/div><\/div><\/div>","protected":false},"excerpt":{"rendered":"<p>Vi \u00e4r experter p\u00e5 kl\u00e4tterutrustning! Om du beh\u00f6ver en komplett l\u00f6sning eller bara ett par nya karbiner s\u00e5 kan vi hj\u00e4lpa dig! Vi kan f\u00e5 tag p\u00e5 det mesta fr\u00e5n de flesta varum\u00e4rken p\u00e5 marknaden men har fokus p\u00e5 produkter fr\u00e5n Petzl, Beal, Black Diamond, La Sportiva etc. V\u00e5ra Varum\u00e4rken Vi fokuserar p\u00e5 produkter fr\u00e5n <a href=\"https:\/\/www.klattringpakullaberg.se\/?page_id=1563\" rel=\"nofollow\"><span class=\"sr-only\">L\u00e4s mer om F\u00f6rs\u00e4ljning av kl\u00e4ttringsutrustning<\/span>[&hellip;]<\/a><\/p>\n","protected":false},"author":1,"featured_media":0,"parent":0,"menu_order":0,"comment_status":"closed","ping_status":"closed","template":"template-fullwidth-no-title.php","meta":{"footnotes":""},"_links":{"self":[{"href":"https:\/\/www.klattringpakullaberg.se\/index.php?rest_route=\/wp\/v2\/pages\/1563"}],"collection":[{"href":"https:\/\/www.klattringpakullaberg.se\/index.php?rest_route=\/wp\/v2\/pages"}],"about":[{"href":"https:\/\/www.klattringpakullaberg.se\/index.php?rest_route=\/wp\/v2\/types\/page"}],"author":[{"embeddable":true,"href":"https:\/\/www.klattringpakullaberg.se\/index.php?rest_route=\/wp\/v2\/users\/1"}],"replies":[{"embeddable":true,"href":"https:\/\/www.klattringpakullaberg.se\/index.php?rest_route=%2Fwp%2Fv2%2Fcomments&post=1563"}],"version-history":[{"count":38,"href":"https:\/\/www.klattringpakullaberg.se\/index.php?rest_route=\/wp\/v2\/pages\/1563\/revisions"}],"predecessor-version":[{"id":1701,"href":"https:\/\/www.klattringpakullaberg.se\/index.php?rest_route=\/wp\/v2\/pages\/1563\/revisions\/1701"}],"wp:attachment":[{"href":"https:\/\/www.klattringpakullaberg.se\/index.php?rest_route=%2Fwp%2Fv2%2Fmedia&parent=1563"}],"curies":[{"name":"wp","href":"https:\/\/api.w.org\/{rel}","templated":true}]}}