{"id":429,"date":"2018-10-19T11:03:41","date_gmt":"2018-10-19T11:03:41","guid":{"rendered":"https:\/\/www.klattringpakullaberg.se\/?page_id=429"},"modified":"2023-02-21T09:47:14","modified_gmt":"2023-02-21T09:47:14","slug":"fortsattningskurs-i-klippklattring","status":"publish","type":"page","link":"https:\/\/www.klattringpakullaberg.se\/?page_id=429","title":{"rendered":"Forts\u00e4ttningskurs i klippkl\u00e4ttring"},"content":{"rendered":"<div id=\"pl-429\"  class=\"panel-layout\" ><div id=\"pg-429-0\"  class=\"panel-grid panel-has-style\" ><div class=\"siteorigin-panels-stretch panel-row-style panel-row-style-for-429-0\" data-stretch-type=\"full-stretched\" ><div id=\"pgc-429-0-0\"  class=\"panel-grid-cell\" ><div id=\"panel-429-0-0-0\" class=\"so-panel widget widget_sow-hero panel-first-child panel-last-child\" data-index=\"0\" ><div\n\t\t\t\n\t\t\tclass=\"so-widget-sow-hero so-widget-sow-hero-default-ecbc043c6aa8-429 so-widget-fittext-wrapper\"\n\t\t\t\n\t\t>\t\t\t\t<div class=\"sow-slider-base\" style=\"display: none\" tabindex=\"0\">\n\t\t\t\t\t<ul\n\t\t\t\t\tclass=\"sow-slider-images\"\n\t\t\t\t\tdata-settings=\"{&quot;pagination&quot;:true,&quot;speed&quot;:800,&quot;timeout&quot;:8000,&quot;paused&quot;:false,&quot;pause_on_hover&quot;:false,&quot;swipe&quot;:true,&quot;nav_always_show_desktop&quot;:&quot;&quot;,&quot;nav_always_show_mobile&quot;:&quot;&quot;,&quot;breakpoint&quot;:&quot;780px&quot;,&quot;unmute&quot;:false,&quot;anchor&quot;:null}\"\n\t\t\t\t\t\t\t\t\t\tdata-anchor-id=\"\"\n\t\t\t\t>\t\t<li class=\"sow-slider-image  sow-slider-image-cover\" style=\"visibility: visible;;background-color: #333333\" >\n\t\t\t\t\t<div class=\"sow-slider-image-container\">\n\t\t\t<div class=\"sow-slider-image-wrapper\">\n\t\t\t\t<h1><strong>Forts\u00e4ttningskurs i klippkl\u00e4ttring<\/strong><\/h1>\n<p style=\"text-align: left\">Forts\u00e4ttningskursen i klippkl\u00e4ttring riktar sig till dig som redan kl\u00e4ttrar en del och vill utvecklas, kanske b\u00f6rja leda?\nKursens inneh\u00e5ll anpassas efter elevernas \u00f6nskem\u00e5l och tidigare erfarenheter. Kursen brukar oftast inneh\u00e5lla ledkl\u00e4ttring p\u00e5 egna s\u00e4kringar, flerrepl\u00e4ngdsturer och multipla firningar.<\/p>\n\n<h4 style=\"text-align: left\">M\u00e5ls\u00e4ttning:<\/h4>\n<p style=\"text-align: left\">Att eleven efter kursen ska kunna kl\u00e4ttra som f\u00f6rsteman p\u00e5 egna s\u00e4kringar, bef\u00e4sta sina tidigare inh\u00e4mtade kunskaper fr\u00e5n grundkursen samt f\u00e5 en introduktion till kl\u00e4ttring och firning i flera repl\u00e4ngder.<\/p>\n\n<h3 style=\"text-align: left\">2999kr\/person inkl. 6% moms<\/h3>\n<div class=\"sow-hero-buttons\" ><div\n\t\t\t\n\t\t\tclass=\"so-widget-sow-button so-widget-sow-button-wire-ba855a415cc9\"\n\t\t\t\n\t\t><div class=\"ow-button-base ow-button-align-center\">\n\t\t\t<a\n\t\t\t\t\thref=\"https:\/\/www.klattringpakullaberg.se\/#contact\"\n\t\t\t\t\tclass=\"sowb-button ow-icon-placement-left ow-button-hover\" \t>\n\t\t<span>\n\t\t\t\n\t\t\tAnm\u00e4lan till kurs\t\t<\/span>\n\t\t\t<\/a>\n\t<\/div>\n<\/div><\/div>\t\t\t<\/div>\n\t\t<\/div>\n\t\t<div class=\"sow-slider-image-overlay sow-slider-image-cover\" style=\"opacity: 0.5;background-image: url(https:\/\/www.klattringpakullaberg.se\/wp-content\/uploads\/2018\/10\/KL2A4060-1.jpg)\"  ><\/div>\t\t<\/li>\n\t\t<\/ul>\t\t\t\t<ol class=\"sow-slider-pagination\">\n\t\t\t\t\t\t\t\t\t\t\t<li><a href=\"#\" data-goto=\"0\" aria-label=\"Display slide 1\"><\/a><\/li>\n\t\t\t\t\t\t\t\t\t<\/ol>\n\n\t\t\t\t<div class=\"sow-slide-nav sow-slide-nav-next\">\n\t\t\t\t\t<a href=\"#\" data-goto=\"next\" aria-label=\"Next slide\" data-action=\"next\">\n\t\t\t\t\t\t<em class=\"sow-sld-icon-thin-right\"><\/em>\n\t\t\t\t\t<\/a>\n\t\t\t\t<\/div>\n\n\t\t\t\t<div class=\"sow-slide-nav sow-slide-nav-prev\">\n\t\t\t\t\t<a href=\"#\" data-goto=\"previous\" aria-label=\"Previous slide\" data-action=\"prev\">\n\t\t\t\t\t\t<em class=\"sow-sld-icon-thin-left\"><\/em>\n\t\t\t\t\t<\/a>\n\t\t\t\t<\/div>\n\t\t\t\t<\/div><\/div><\/div><\/div><\/div><\/div><\/div>","protected":false},"excerpt":{"rendered":"<p>Forts\u00e4ttningskurs i klippkl\u00e4ttring Forts\u00e4ttningskursen i klippkl\u00e4ttring riktar sig till dig som redan kl\u00e4ttrar en del och vill utvecklas, kanske b\u00f6rja leda? Kursens inneh\u00e5ll anpassas efter elevernas \u00f6nskem\u00e5l och tidigare erfarenheter. Kursen brukar oftast inneh\u00e5lla ledkl\u00e4ttring p\u00e5 egna s\u00e4kringar, flerrepl\u00e4ngdsturer och multipla firningar. M\u00e5ls\u00e4ttning: Att eleven efter kursen ska kunna kl\u00e4ttra som f\u00f6rsteman p\u00e5 egna s\u00e4kringar, <a href=\"https:\/\/www.klattringpakullaberg.se\/?page_id=429\" rel=\"nofollow\"><span class=\"sr-only\">L\u00e4s mer om Forts\u00e4ttningskurs i klippkl\u00e4ttring<\/span>[&hellip;]<\/a><\/p>\n","protected":false},"author":1,"featured_media":0,"parent":0,"menu_order":0,"comment_status":"closed","ping_status":"closed","template":"template-fullwidth-no-title.php","meta":{"footnotes":""},"_links":{"self":[{"href":"https:\/\/www.klattringpakullaberg.se\/index.php?rest_route=\/wp\/v2\/pages\/429"}],"collection":[{"href":"https:\/\/www.klattringpakullaberg.se\/index.php?rest_route=\/wp\/v2\/pages"}],"about":[{"href":"https:\/\/www.klattringpakullaberg.se\/index.php?rest_route=\/wp\/v2\/types\/page"}],"author":[{"embeddable":true,"href":"https:\/\/www.klattringpakullaberg.se\/index.php?rest_route=\/wp\/v2\/users\/1"}],"replies":[{"embeddable":true,"href":"https:\/\/www.klattringpakullaberg.se\/index.php?rest_route=%2Fwp%2Fv2%2Fcomments&post=429"}],"version-history":[{"count":23,"href":"https:\/\/www.klattringpakullaberg.se\/index.php?rest_route=\/wp\/v2\/pages\/429\/revisions"}],"predecessor-version":[{"id":1209,"href":"https:\/\/www.klattringpakullaberg.se\/index.php?rest_route=\/wp\/v2\/pages\/429\/revisions\/1209"}],"wp:attachment":[{"href":"https:\/\/www.klattringpakullaberg.se\/index.php?rest_route=%2Fwp%2Fv2%2Fmedia&parent=429"}],"curies":[{"name":"wp","href":"https:\/\/api.w.org\/{rel}","templated":true}]}}